{"id":845,"date":"2022-03-10T11:58:00","date_gmt":"2022-03-10T11:58:00","guid":{"rendered":"http:\/\/lena-bloechle.de\/?page_id=845"},"modified":"2022-03-15T13:22:25","modified_gmt":"2022-03-15T13:22:25","slug":"journal","status":"publish","type":"page","link":"https:\/\/lena-bloechle.de\/?page_id=845","title":{"rendered":"JOURNAL"},"content":{"rendered":"<p style=\"text-align: center;\"><strong>Du willst noch mehr \u00fcber Lebensmittel und eine intuitive Ern\u00e4hrung wissen? <\/strong><\/p>\n<p style=\"text-align: center;\">Dann schaue dich gerne in meinem Journal um, in K\u00fcrze wird es hier neue Beitr\u00e4ge geben.<\/p>\n<p style=\"text-align: center;\">Viel Spa\u00df beim Lesen!<\/p>\n","protected":false},"excerpt":{"rendered":"<p>Du willst noch mehr \u00fcber Lebensmittel und eine intuitive Ern\u00e4hrung wissen? Dann schaue dich gerne in meinem Journal um, in K\u00fcrze wird es hier neue &hellip; <\/p>\n","protected":false},"author":1,"featured_media":0,"parent":0,"menu_order":0,"comment_status":"closed","ping_status":"closed","template":"","meta":[],"yoast_head":"<!-- This site is optimized with the Yoast SEO plugin v16.6 - https:\/\/yoast.com\/wordpress\/plugins\/seo\/ -->\n<title>JOURNAL &raquo; Lenas Backliebe<\/title>\n<meta name=\"robots\" content=\"noindex, follow\" \/>\n<meta property=\"og:locale\" content=\"de_DE\" \/>\n<meta property=\"og:type\" content=\"article\" \/>\n<meta property=\"og:title\" content=\"JOURNAL &raquo; Lenas Backliebe\" \/>\n<meta property=\"og:description\" content=\"Du willst noch mehr \u00fcber Lebensmittel und eine intuitive Ern\u00e4hrung wissen? Dann schaue dich gerne in meinem Journal um, in K\u00fcrze wird es hier neue &hellip;\" \/>\n<meta property=\"og:url\" content=\"http:\/\/lena-bloechle.de\/?page_id=845\" \/>\n<meta property=\"og:site_name\" content=\"Lenas Backliebe\" \/>\n<meta property=\"article:modified_time\" content=\"2022-03-15T13:22:25+00:00\" \/>\n<meta name=\"twitter:card\" content=\"summary_large_image\" \/>\n<script type=\"application\/ld+json\" class=\"yoast-schema-graph\">{\"@context\":\"https:\/\/schema.org\",\"@graph\":[{\"@type\":[\"Person\",\"Organization\"],\"@id\":\"http:\/\/lena-bloechle.de\/#\/schema\/person\/3d5ff8ad770bcebeecb931848f100c0e\",\"name\":\"Lena\",\"image\":{\"@type\":\"ImageObject\",\"@id\":\"http:\/\/lena-bloechle.de\/#personlogo\",\"inLanguage\":\"de\",\"url\":\"http:\/\/lena-bloechle.de\/wp-content\/uploads\/2020\/11\/cropped-cropped-cropped-IMG_4442-1.jpg\",\"contentUrl\":\"http:\/\/lena-bloechle.de\/wp-content\/uploads\/2020\/11\/cropped-cropped-cropped-IMG_4442-1.jpg\",\"width\":512,\"height\":512,\"caption\":\"Lena\"},\"logo\":{\"@id\":\"http:\/\/lena-bloechle.de\/#personlogo\"}},{\"@type\":\"WebSite\",\"@id\":\"http:\/\/lena-bloechle.de\/#website\",\"url\":\"http:\/\/lena-bloechle.de\/\",\"name\":\"Lenas Backliebe\",\"description\":\"\",\"publisher\":{\"@id\":\"http:\/\/lena-bloechle.de\/#\/schema\/person\/3d5ff8ad770bcebeecb931848f100c0e\"},\"potentialAction\":[{\"@type\":\"SearchAction\",\"target\":{\"@type\":\"EntryPoint\",\"urlTemplate\":\"http:\/\/lena-bloechle.de\/?s={search_term_string}\"},\"query-input\":\"required name=search_term_string\"}],\"inLanguage\":\"de\"},{\"@type\":\"WebPage\",\"@id\":\"http:\/\/lena-bloechle.de\/?page_id=845#webpage\",\"url\":\"http:\/\/lena-bloechle.de\/?page_id=845\",\"name\":\"JOURNAL &raquo; Lenas Backliebe\",\"isPartOf\":{\"@id\":\"http:\/\/lena-bloechle.de\/#website\"},\"datePublished\":\"2022-03-10T11:58:00+00:00\",\"dateModified\":\"2022-03-15T13:22:25+00:00\",\"breadcrumb\":{\"@id\":\"http:\/\/lena-bloechle.de\/?page_id=845#breadcrumb\"},\"inLanguage\":\"de\",\"potentialAction\":[{\"@type\":\"ReadAction\",\"target\":[\"http:\/\/lena-bloechle.de\/?page_id=845\"]}]},{\"@type\":\"BreadcrumbList\",\"@id\":\"http:\/\/lena-bloechle.de\/?page_id=845#breadcrumb\",\"itemListElement\":[{\"@type\":\"ListItem\",\"position\":1,\"name\":\"Startseite\",\"item\":\"http:\/\/lena-bloechle.de\/\"},{\"@type\":\"ListItem\",\"position\":2,\"name\":\"JOURNAL\"}]}]}<\/script>\n<!-- \/ Yoast SEO plugin. -->","_links":{"self":[{"href":"https:\/\/lena-bloechle.de\/index.php?rest_route=\/wp\/v2\/pages\/845"}],"collection":[{"href":"https:\/\/lena-bloechle.de\/index.php?rest_route=\/wp\/v2\/pages"}],"about":[{"href":"https:\/\/lena-bloechle.de\/index.php?rest_route=\/wp\/v2\/types\/page"}],"author":[{"embeddable":true,"href":"https:\/\/lena-bloechle.de\/index.php?rest_route=\/wp\/v2\/users\/1"}],"replies":[{"embeddable":true,"href":"https:\/\/lena-bloechle.de\/index.php?rest_route=%2Fwp%2Fv2%2Fcomments&post=845"}],"version-history":[{"count":2,"href":"https:\/\/lena-bloechle.de\/index.php?rest_route=\/wp\/v2\/pages\/845\/revisions"}],"predecessor-version":[{"id":867,"href":"https:\/\/lena-bloechle.de\/index.php?rest_route=\/wp\/v2\/pages\/845\/revisions\/867"}],"wp:attachment":[{"href":"https:\/\/lena-bloechle.de\/index.php?rest_route=%2Fwp%2Fv2%2Fmedia&parent=845"}],"curies":[{"name":"wp","href":"https:\/\/api.w.org\/{rel}","templated":true}]}}