{"id":37,"date":"2018-10-01T18:37:59","date_gmt":"2018-10-01T18:37:59","guid":{"rendered":"http:\/\/lena-bloechle.de\/?page_id=37"},"modified":"2022-03-15T13:23:19","modified_gmt":"2022-03-15T13:23:19","slug":"about-me","status":"publish","type":"page","link":"https:\/\/lena-bloechle.de\/?page_id=37","title":{"rendered":"ABOUT ME"},"content":{"rendered":"<p style=\"text-align: center;\"><strong>Hi! <\/strong><\/p>\n<p style=\"text-align: center;\">Mein Name ist Lena und ich komme aus dem idyllischen Schwarzwald. Ich bin Sport- und Gymnastiklehrerin, Ern\u00e4hrungsberaterin, Wellnesstherapeutin und total BACK und KOCHVERR\u00dcCKT.<\/p>\n<p style=\"text-align: center;\">Backen und Kochen waren schon immer meine gro\u00dfen Leidenschaften und geben mir die M\u00f6glichkeit\u00a0 meiner Kreativit\u00e4t freien Lauf zu lassen, deshalb dieser Blog.<br \/>\nSo habe ich etwas erstellt, was ich mir f\u00fcr mich selbst schon immer gew\u00fcnscht habe. Ich m\u00f6chte meine Rezepte mit euch teilen. Lenas Backliebe soll eine Quelle voller Backinspirationen, eine umfangreiche Plattform und vor allem eine Inspiration f\u00fcr euch sein. Hier sollen besonders die sch\u00f6nen und besonders leckeren Dinge des Lebens in den Vordergrund gebracht werden.<\/p>\n<p style=\"text-align: center;\">Wenn Lenas Backliebe Dir ein kleines Grinsen ins Gesicht zaubert und n\u00fctzliche Tipps oder Rezepte gibt w\u00fcrde ich mich freuen, Dich \u00f6fters auf meinem Blog willkommen zu hei\u00dfen. F\u00fcr Fragen oder Feedback kannst Du mich jederzeit gerne per E-Mail unter lena@bloechle.eu oder auf Instagram <strong>lenas_backliebe_<\/strong>\u00a0mit einer Nachricht kontaktieren.<\/p>\n<p style=\"text-align: center;\">Jetzt w\u00fcnsche ich Dir ganz viel Spa\u00df beim Lesen und Entdecken und lasse den Blog f\u00fcr sich selbst sprechen.<\/p>\n<p>&nbsp;<\/p>\n","protected":false},"excerpt":{"rendered":"<p>Hi! Mein Name ist Lena und ich komme aus dem idyllischen Schwarzwald. Ich bin Sport- und Gymnastiklehrerin, Ern\u00e4hrungsberaterin, Wellnesstherapeutin und total BACK und KOCHVERR\u00dcCKT. Backen &hellip; <\/p>\n","protected":false},"author":1,"featured_media":0,"parent":0,"menu_order":0,"comment_status":"closed","ping_status":"closed","template":"","meta":[],"yoast_head":"<!-- This site is optimized with the Yoast SEO plugin v16.6 - https:\/\/yoast.com\/wordpress\/plugins\/seo\/ -->\n<title>ABOUT ME &raquo; Lenas Backliebe<\/title>\n<meta name=\"robots\" content=\"noindex, follow\" \/>\n<meta property=\"og:locale\" content=\"de_DE\" \/>\n<meta property=\"og:type\" content=\"article\" \/>\n<meta property=\"og:title\" content=\"ABOUT ME &raquo; Lenas Backliebe\" \/>\n<meta property=\"og:description\" content=\"Hi! Mein Name ist Lena und ich komme aus dem idyllischen Schwarzwald. Ich bin Sport- und Gymnastiklehrerin, Ern\u00e4hrungsberaterin, Wellnesstherapeutin und total BACK und KOCHVERR\u00dcCKT. Backen &hellip;\" \/>\n<meta property=\"og:url\" content=\"http:\/\/lena-bloechle.de\/?page_id=37\" \/>\n<meta property=\"og:site_name\" content=\"Lenas Backliebe\" \/>\n<meta property=\"article:modified_time\" content=\"2022-03-15T13:23:19+00:00\" \/>\n<meta name=\"twitter:card\" content=\"summary_large_image\" \/>\n<meta name=\"twitter:label1\" content=\"Gesch\u00e4tzte Lesezeit\" \/>\n\t<meta name=\"twitter:data1\" content=\"1\u00a0Minute\" \/>\n<script type=\"application\/ld+json\" class=\"yoast-schema-graph\">{\"@context\":\"https:\/\/schema.org\",\"@graph\":[{\"@type\":[\"Person\",\"Organization\"],\"@id\":\"http:\/\/lena-bloechle.de\/#\/schema\/person\/3d5ff8ad770bcebeecb931848f100c0e\",\"name\":\"Lena\",\"image\":{\"@type\":\"ImageObject\",\"@id\":\"http:\/\/lena-bloechle.de\/#personlogo\",\"inLanguage\":\"de\",\"url\":\"http:\/\/lena-bloechle.de\/wp-content\/uploads\/2020\/11\/cropped-cropped-cropped-IMG_4442-1.jpg\",\"contentUrl\":\"http:\/\/lena-bloechle.de\/wp-content\/uploads\/2020\/11\/cropped-cropped-cropped-IMG_4442-1.jpg\",\"width\":512,\"height\":512,\"caption\":\"Lena\"},\"logo\":{\"@id\":\"http:\/\/lena-bloechle.de\/#personlogo\"}},{\"@type\":\"WebSite\",\"@id\":\"http:\/\/lena-bloechle.de\/#website\",\"url\":\"http:\/\/lena-bloechle.de\/\",\"name\":\"Lenas Backliebe\",\"description\":\"\",\"publisher\":{\"@id\":\"http:\/\/lena-bloechle.de\/#\/schema\/person\/3d5ff8ad770bcebeecb931848f100c0e\"},\"potentialAction\":[{\"@type\":\"SearchAction\",\"target\":{\"@type\":\"EntryPoint\",\"urlTemplate\":\"http:\/\/lena-bloechle.de\/?s={search_term_string}\"},\"query-input\":\"required name=search_term_string\"}],\"inLanguage\":\"de\"},{\"@type\":\"WebPage\",\"@id\":\"http:\/\/lena-bloechle.de\/?page_id=37#webpage\",\"url\":\"http:\/\/lena-bloechle.de\/?page_id=37\",\"name\":\"ABOUT ME &raquo; Lenas Backliebe\",\"isPartOf\":{\"@id\":\"http:\/\/lena-bloechle.de\/#website\"},\"datePublished\":\"2018-10-01T18:37:59+00:00\",\"dateModified\":\"2022-03-15T13:23:19+00:00\",\"breadcrumb\":{\"@id\":\"http:\/\/lena-bloechle.de\/?page_id=37#breadcrumb\"},\"inLanguage\":\"de\",\"potentialAction\":[{\"@type\":\"ReadAction\",\"target\":[\"http:\/\/lena-bloechle.de\/?page_id=37\"]}]},{\"@type\":\"BreadcrumbList\",\"@id\":\"http:\/\/lena-bloechle.de\/?page_id=37#breadcrumb\",\"itemListElement\":[{\"@type\":\"ListItem\",\"position\":1,\"name\":\"Startseite\",\"item\":\"http:\/\/lena-bloechle.de\/\"},{\"@type\":\"ListItem\",\"position\":2,\"name\":\"ABOUT ME\"}]}]}<\/script>\n<!-- \/ Yoast SEO plugin. -->","_links":{"self":[{"href":"https:\/\/lena-bloechle.de\/index.php?rest_route=\/wp\/v2\/pages\/37"}],"collection":[{"href":"https:\/\/lena-bloechle.de\/index.php?rest_route=\/wp\/v2\/pages"}],"about":[{"href":"https:\/\/lena-bloechle.de\/index.php?rest_route=\/wp\/v2\/types\/page"}],"author":[{"embeddable":true,"href":"https:\/\/lena-bloechle.de\/index.php?rest_route=\/wp\/v2\/users\/1"}],"replies":[{"embeddable":true,"href":"https:\/\/lena-bloechle.de\/index.php?rest_route=%2Fwp%2Fv2%2Fcomments&post=37"}],"version-history":[{"count":24,"href":"https:\/\/lena-bloechle.de\/index.php?rest_route=\/wp\/v2\/pages\/37\/revisions"}],"predecessor-version":[{"id":868,"href":"https:\/\/lena-bloechle.de\/index.php?rest_route=\/wp\/v2\/pages\/37\/revisions\/868"}],"wp:attachment":[{"href":"https:\/\/lena-bloechle.de\/index.php?rest_route=%2Fwp%2Fv2%2Fmedia&parent=37"}],"curies":[{"name":"wp","href":"https:\/\/api.w.org\/{rel}","templated":true}]}}